{"id":16,"date":"2018-09-12T19:47:06","date_gmt":"2018-09-12T19:47:06","guid":{"rendered":"http:\/\/hsp.waw.pl\/?page_id=16"},"modified":"2025-01-23T07:30:46","modified_gmt":"2025-01-23T07:30:46","slug":"kontakt","status":"publish","type":"page","link":"https:\/\/hsp.waw.pl\/?page_id=16","title":{"rendered":"KONTAKT"},"content":{"rendered":"<p class=\"ox-36f8df7e2a-ox-7eac2f63a3-ox-606fa24f21-default-style\" style=\"text-align: center;\"><span style=\"color: #000000;\"><strong>HSP Jaros\u0142aw Skierski<\/strong><\/span><\/p>\n<p style=\"text-align: center;\"><span style=\"color: #000000;\">tel: 602793947<\/span><\/p>\n<p style=\"text-align: center;\"><span style=\"color: #000000;\">@: bhp@hsp.waw.pl<\/span><\/p>\n<p class=\"ox-36f8df7e2a-ox-7eac2f63a3-ox-606fa24f21-default-style\" style=\"text-align: center;\"><span style=\"color: #000000;\">NIP: 8341840225<\/span><\/p>\n<p class=\"ox-36f8df7e2a-ox-7eac2f63a3-ox-606fa24f21-default-style\" style=\"text-align: center;\"><span style=\"color: #000000;\">ul. J\u00f3zefowska 27A lok. 2<br \/><\/span><\/p>\n<p class=\"ox-36f8df7e2a-ox-7eac2f63a3-ox-606fa24f21-default-style\" style=\"text-align: center;\"><span style=\"color: #000000;\">05-860 P\u0142ochocin<\/span><\/p>\n<p class=\"ox-36f8df7e2a-ox-7eac2f63a3-ox-606fa24f21-default-style\" style=\"text-align: center;\"><span style=\"color: #000000;\">Polska<\/span><\/p>\n\n\n<center><iframe loading=\"lazy\" src=\"https:\/\/www.google.com\/maps\/embed?pb=!1m18!1m12!1m3!1d864.5225534033254!2d20.69735132949102!3d52.20270339886546!2m3!1f0!2f0!3f0!3m2!1i1024!2i768!4f13.1!3m3!1m2!1s0x0%3A0x895b46f3c5f709f7!2sHSP%20(Health%20Safety%20Protection)%20Jaros%C5%82aw%20Skierski!5e0!3m2!1spl!2spl!4v1577107101682!5m2!1spl!2spl\" style=\"border:0;\" allowfullscreen=\"\" width=\"600\" height=\"450\" frameborder=\"0\"><\/iframe><\/center>\n\n\n<div class=\"ufbl-form-wrapper ufbl-template-1\" style=\"width:100%;\">\r\n    <form method=\"post\" action=\"\" class=\"ufbl-front-form\">\r\n\t\t<div class=\"ufbl-form-title\">Formularz kontaktowy<\/div>\t\t\t\t<input type=\"hidden\" name=\"form_id\" value=\"1\" class=\"form-id\"\/>\r\n\t\t\t\t\t\t\t\t<div class=\"ufbl-form-field-wrap \" >\r\n\t\t\t\t\t\t\t<label><\/label>\r\n\t\t\t\t\t\t\t<div class=\"ufbl-form-field\">\r\n\t\t\t\t\t\t\t\t<input type=\"text\" name=\"ufbl_field_1\" class=\"ufbl-form-textfield ufbl-required\" data-max-chars=\"\" data-min-chars=\"\" data-error-message=\"Uzupe\u0142nij pole\" placeholder=\"Wpisz imi\u0119 \/ nazw\u0119 firmy....\" value=\"\"\/>\r\n\t\t\t\t\t\t\t\t<div class=\"ufbl-error\"  data-error-key=\"ufbl_field_1\"><\/div>\r\n\t\t\t\t\t\t\t<\/div>\r\n\t\t\t\t\t\t<\/div>\r\n\t\t\t\t\t\t\t\t\t\t\t\t<div class=\"ufbl-form-field-wrap \" >\r\n\t\t\t\t\t\t\t<label><\/label>\r\n\t\t\t\t\t\t\t<div class=\"ufbl-form-field\">\r\n\t\t\t\t\t\t\t\t<textarea name=\"ufbl_field_6\" class=\"ufbl-form-textarea ufbl-required\" data-max-chars=\"500000\" data-min-chars=\"\" data-error-message=\"Uzupe\u0142nij pole\" rows=\"5\" cols=\"10\" placeholder=\"Wpisz wiadomo\u015b\u0107....\"><\/textarea>\r\n\t\t\t\t\t\t\t\t<div class=\"ufbl-error\"  data-error-key=\"ufbl_field_6\"><\/div>\r\n\t\t\t\t\t\t\t<\/div>\r\n\t\t\t\t\t\t<\/div>\r\n\t\t\t\t\t\t\t\t\t\t\t\t<div class=\"ufbl-form-field-wrap email\" >\r\n\t\t\t\t\t\t\t<label><\/label>\r\n\t\t\t\t\t\t\t<div class=\"ufbl-form-field\">\r\n\t\t\t\t\t\t\t\t<input type=\"email\" name=\"ufbl_field_2\" class=\"ufbl-email-field ufbl-required\" data-error-message=\"\" placeholder=\"Email ...\" value=\"\"\/>\r\n\t\t\t\t\t\t\t\t<div class=\"ufbl-error\"  data-error-key=\"ufbl_field_2\"><\/div>\r\n\t\t\t\t\t\t\t<\/div>\r\n\t\t\t\t\t\t<\/div>\r\n\t\t\t\t\t\t\t\t\t\t\t\t<div class=\"ufbl-form-field-wrap \" >\r\n\t\t\t\t\t\t\t<div class=\"ufbl-form-field\">\r\n\t\t\t\t\t\t\t\t<input type=\"submit\" class=\"ufbl-form-submit\" name=\"ufbl_field_5\" value=\"Wy\u015blij\"\/>\r\n\t\t\t\t\t\t\t\t\t\t\t\t\t\t\t\t<span class=\"ufbl-form-loader\" style=\"display:none\"><\/span>\r\n\t\t\t\t\t\t\t<\/div>\r\n\t\t\t\t\t\t<\/div>\r\n\t\t\t\t\t\t\t\t\t\t\t\t<div class=\"ufbl-form-field-wrap \" >\r\n\t\t\t\t\t\t\t<label><\/label>\r\n\t\t\t\t\t\t\t<div class=\"ufbl-form-field\">\r\n\t\t\t\t\t\t\t\t\t\t\t\t\t\t\t\t\t<div class=\"ufbl-math-captcha-wrap\">\r\n\t\t\t\t\t\t\t\t\t\t<span class=\"ufbl-captcha-num\">1<\/span> + <span>7<\/span> = <input type=\"text\" name=\"ufbl_field_7\" class=\"ufbl-math-captcha-ans\" placeholder=\"Wpisz sum\u0119\"\/>\r\n\t\t\t\t\t\t\t\t\t\t<input type=\"hidden\" name=\"ufbl_field_7_num_1\" value=\"1\"\/>\r\n\t\t\t\t\t\t\t\t\t\t<input type=\"hidden\" name=\"ufbl_field_7_num_2\" value=\"7\"\/>\r\n\t\t\t\t\t\t\t\t\t<\/div>\r\n\t\t\t\t\t\t\t\t\r\n\t\t\t\t\t\t\t\t<div class=\"ufbl-error\" data-error-key=\"ufbl_field_7\"><\/div>\r\n\t\t\t\t\t\t\t<\/div>\r\n\t\t\t\t\t\t<\/div>\r\n\t\t\t\t\t\t\t\t<div class=\"ufbl-form-message\" style=\"display: none;\"><\/div>\r\n\r\n\t\t\t<\/form>\r\n\r\n<\/div>\r\n\r\n\n","protected":false},"excerpt":{"rendered":"<p>HSP Jaros\u0142aw Skierski tel: 602793947 @: bhp@hsp.waw.pl NIP: 8341840225 ul. J\u00f3zefowska 27A lok. 2 05-860 P\u0142ochocin Polska<\/p>\n","protected":false},"author":1,"featured_media":0,"parent":0,"menu_order":0,"comment_status":"closed","ping_status":"closed","template":"","meta":{"footnotes":""},"class_list":["post-16","page","type-page","status-publish","hentry"],"_links":{"self":[{"href":"https:\/\/hsp.waw.pl\/index.php?rest_route=\/wp\/v2\/pages\/16","targetHints":{"allow":["GET"]}}],"collection":[{"href":"https:\/\/hsp.waw.pl\/index.php?rest_route=\/wp\/v2\/pages"}],"about":[{"href":"https:\/\/hsp.waw.pl\/index.php?rest_route=\/wp\/v2\/types\/page"}],"author":[{"embeddable":true,"href":"https:\/\/hsp.waw.pl\/index.php?rest_route=\/wp\/v2\/users\/1"}],"replies":[{"embeddable":true,"href":"https:\/\/hsp.waw.pl\/index.php?rest_route=%2Fwp%2Fv2%2Fcomments&post=16"}],"version-history":[{"count":18,"href":"https:\/\/hsp.waw.pl\/index.php?rest_route=\/wp\/v2\/pages\/16\/revisions"}],"predecessor-version":[{"id":391,"href":"https:\/\/hsp.waw.pl\/index.php?rest_route=\/wp\/v2\/pages\/16\/revisions\/391"}],"wp:attachment":[{"href":"https:\/\/hsp.waw.pl\/index.php?rest_route=%2Fwp%2Fv2%2Fmedia&parent=16"}],"curies":[{"name":"wp","href":"https:\/\/api.w.org\/{rel}","templated":true}]}}